{"id":4292,"date":"2021-03-18T13:10:46","date_gmt":"2021-03-18T12:10:46","guid":{"rendered":"http:\/\/www.habitatimmobiliare.net\/?page_id=4292"},"modified":"2021-03-18T13:11:35","modified_gmt":"2021-03-18T12:11:35","slug":"termini-e-condizioni-duso","status":"publish","type":"page","link":"https:\/\/www.habitatimmobiliare.net\/it\/termini-e-condizioni-duso\/","title":{"rendered":"Termini e condizioni d&#8217;uso"},"content":{"rendered":"\t\t<div data-elementor-type=\"wp-page\" data-elementor-id=\"4292\" class=\"elementor elementor-4292\" data-elementor-settings=\"[]\">\n\t\t\t\t\t\t<div class=\"elementor-inner\">\n\t\t\t\t\t\t\t<div class=\"elementor-section-wrap\">\n\t\t\t\t\t\t\t<section class=\"elementor-section elementor-top-section elementor-element elementor-element-310edab2 elementor-section-boxed elementor-section-height-default elementor-section-height-default\" data-id=\"310edab2\" data-element_type=\"section\">\n\t\t\t\t\t\t<div class=\"elementor-container elementor-column-gap-default\">\n\t\t\t\t\t\t\t<div class=\"elementor-row\">\n\t\t\t\t\t<div class=\"elementor-column elementor-col-100 elementor-top-column elementor-element elementor-element-6da12d37\" data-id=\"6da12d37\" data-element_type=\"column\">\n\t\t\t<div class=\"elementor-column-wrap elementor-element-populated\">\n\t\t\t\t\t\t\t<div class=\"elementor-widget-wrap\">\n\t\t\t\t\t\t<div class=\"elementor-element elementor-element-7c552e24 elementor-widget elementor-widget-text-editor\" data-id=\"7c552e24\" data-element_type=\"widget\" data-widget_type=\"text-editor.default\">\n\t\t\t\t<div class=\"elementor-widget-container\">\n\t\t\t\t\t\t\t\t<div class=\"elementor-text-editor elementor-clearfix\">\n\t\t\t\t<p><strong>CONDIZIONI LEGALI RIGUARDANTI IL SITO WEB<\/strong><br \/><br \/>Il presente documento contiene le condizioni legali per l&#8217;accesso a e l&#8217;uso del sito web habitatimmobiliare.net dell&#8217;Agenzia Habitat Immobiliare di Marina Materazzo. Accedendo al Sito Web, o utilizzandolo o utilizzando i materiali in esso contenuti ci si impegna a rispettare le seguenti condizioni generali.<\/p><p><strong>1. Propriet\u00e0 del Sito Web<\/strong><br \/>Questo Sito Web \u00e8 di propriet\u00e0 dell&#8217;Agenzia Habitat Immobiliare di Marina Materazzo, con sede in Piazza Matteotti, Tortoreto Lido (TE).<\/p><p><strong>2. Diritto d&#8217;Autore e diritto sul Marchio<\/strong><br \/>Questo Sito Web \u00e8 protetto dal diritto d&#8217;Autore come opera singola e\/o composta e\/o collettiva ai sensi delle leggi italiane e dell&#8217;Unione Europea in materia di diritto d&#8217;Autore, delle convenzioni internazionali e delle altre normative in materia di diritto d&#8217;Autore. Qualsivoglia uso non autori\\zzato dei materiali contenuti nel Sito Web \u00e8 assolutamente proibito. Tutti i diritti sono riservati.<br \/><br \/>L&#8217;Agenzia Habitat Immobiliare di Marina Materazzo\u00ae \u00e8 un marchio commerciale e logo registrato a nome dell&#8217;Agenzia Habitat Immobiliare di Marina Materazzo. Qualsivoglia uso non autorizzato di tali marchi commerciali o dei diritti connessi ai marchi \u00e8 assolutamente vietato a meno che non sia stato ottenuto il consenso preventivo scritto da parte dell&#8217;Agenzia Habitat Immobiliare di Marina Materazzo.<br \/><br \/>Il Sito Web potrebbe contenere documenti, immagini, software, informazioni e altri materiali di propriet\u00e0 di terzi, come fotografie, pubblicit\u00e0, clip filmati e musica. Qualsivoglia uso non autorizzato dei materiali contenuti nel Sito Web \u00e8 assolutamente vietato, a meno che non sia stato ottenuto il consenso preventivo scritto da parte del proprietario dei materiali in oggetto.<\/p><p><strong>3. Uso e accesso al Sito Web<\/strong><br \/>I contenuti e i materiali (&#8220;i Contenuti&#8221;) del Sito Web sono destinati solo ad uso personale e non commerciale. L&#8217;utente potr\u00e0 scaricare o copiare i Contenuti e altri materiali scaricabili visualizzati su questo Sito Web solo per suo uso personale non commerciale; a condizione che si riconosca che i materiali coperti dal Diritto d&#8217;Autore presenti in essi sono protetti e che l&#8217;utente si impegni a rispettare tutti i diritti d&#8217;autore e gli altri diritti contenuti in questo Sito Web. La copia o la memorizzazione di qualsivoglia dei Contenuti per usi diversi da quelli personali e non commerciali \u00e8 assolutamente vietata a meno che non sia stato ottenuto il consenso preventivo scritto da parte dell&#8217;Agenzia Habitat Immobiliare di Marina Materazzo.<br \/><br \/>L&#8221;Agenzia Habitat Immobiliare di Marina Materazzo potr\u00e0 modificare, annullare o sospendere la totalit\u00e0 o qualsivoglia delle caratteristiche del Sito Web in qualsivoglia momento, compresa la disponibilit\u00e0 della totalit\u00e0 o di qualsivoglia parte del Sito Web, delle funzioni e del database del Sito Web. L&#8217;Agenzia Habitat Immobiliare di Marina Materazzo potr\u00e0 inoltre correggere eventuali errori o omissioni in qualsivoglia parte del Sito Web o imporre limitazioni su determinate funzioni e servizi, o limitare l&#8217;accesso degli utenti a parti o alla totalit\u00e0 del Sito Web senza obbligo di notifica e senza che questo configuri alcuna responsabilit\u00e0.<\/p><p><strong>4. Link ad altri siti web<\/strong><br \/>Si conviene esplicitamente che i siti web per i quali vengono forniti dei link all&#8217;interno del Sito Web non sono soggetti al controllo dell&#8217;Agenzia Habitat Immobiliare di Marina Materazzo. Conseguentemente, l&#8217;Agenzia Habitat Immobiliare di Marina Materazzo non si assume alcuna responsabilit\u00e0 in relazione ai siti per i quali vengono forniti i link, o in relazione a eventuali danni potenziali derivanti da o collegati all&#8217;uso di tali link.<br \/>Inoltre, l&#8217;esistenza di un link tra questo Sito Web e qualsivoglia altro sito web non \u00e8 e non sar\u00e0 intesa come un&#8217;approvazione da parte dell&#8217;Agenzia Habitat Immobiliare di Marina Materazzo di tale sito web collegato tramite link e\/o dei suoi contenuti.<\/p><p><strong>5. Diniego di garanzia e limitazione di responsabilit\u00e0<\/strong><br \/>L&#8217;Agenzia Habitat Immobiliare di Marina Materazzo non dichiara e non garantisce che l&#8217;accesso al Sito Web non sar\u00e0 interrotto o che il Sito Web non conterr\u00e0 malfunzionamenti, errori o omissioni o perdite di informazioni trasmesse, o che nessun virus sar\u00e0 trasmesso sul Sito Web.<br \/><br \/>L&#8217;Agenzia Habitat Immobiliare di Marina Materazzo non sar\u00e0 responsabile nei confronti degli utenti del sito o di qualsivoglia terza parte per eventuali danni diretti, indiretti, speciali, consequenziali o punitivi presumibilmente sostenuti a seguito dell&#8217;accesso o dell&#8217;impossibilit\u00e0 di accedere al Sito Web, compreso il caso di virus presumibilmente ricevuti dal Sito Web, l&#8217;uso o l&#8217;affidamento fatto sul Sito Web o su qualsivoglia delle informazioni o dei materiali disponibili sul Sito Web.<\/p><p><strong>6. Leggi applicabili e giurisdizione<\/strong><br \/>L&#8217;utente riconosce e a tutti i fini concorda che eventuali controversie che dovessero derivare dall&#8217;accesso e\/o dall&#8217;uso del Sito Web saranno soggette alle Leggi Italiane e dovranno essere sottoposte alla giurisdizione esclusiva di un Tribunale Italiano.<\/p><p><strong>7. Tutela della privacy.<\/strong><br \/>L&#8217;Agenzia Habitat Immobiliare di Marina Materazzo si impegna a proteggere la Vostra privacy. Ci\u00f2 che segue \u00e8 una sintesi dei vari modi in cui l&#8217;Agenzia Habitat Immobiliare di Marina Materazzo tratta le informazioni che ci offrite utilizzando questo Sito Web.<br \/><br \/>L&#8217;Agenzia Habitat Immobiliare di Marina Materazzo non raccoglie informazioni identificative se non sulla base del Vostro consenso espresso. Non condivideremo con altri tali informazioni senza il Vostro espresso consenso, non le useremo per scopi commerciali da Voi espressamente non approvati. Talvolta ci fornirete dati che potrebbero rivelare la Vostra identit\u00e0. Potremmo usare questa informazione per ragioni interne aziendali ma senza mai collegare tali informazioni ad alcun nome, indirizzo o altre informazioni identificative. In questo modo possiamo darVi informazioni personalizzate senza compromettere la Vostra privacy. In alcuni casi, se ci inviate per E-mail una domanda o qualche consiglio, per esempio, noi possiamo richiedere il Vostro nome, e-mail, indirizzo o altre informazioni, in modo che possiamo inviarVi per e-mail una risposta. Se scegliete di fornirci queste informazioni, le useremo soltanto per lo scopo specifico per cui ce le avete fornite, in caso contrario vi sar\u00e0 richiesto e Voi potrete proibire usi diversi da parte dell&#8217;Agenzia Habitat Immobiliare di Marina Materazzo.<\/p><p><strong>8. Modifiche.<\/strong><br \/>Le norme precedenti potranno essere modificate dell&#8217;Agenzia Habitat Immobiliare di Marina Materazzo di volta in volta; le notifiche di eventuali revisioni di tali norme saranno annunciate su questa pagina. L&#8217;uso continuato del Sito Web da parte dell&#8217;utente equivarr\u00e0 all&#8217;accettazione da parte dell&#8217;utente stesso di tali modifiche o revisioni di tali norme; conseguentemente, consigliamo all&#8217;utente di controllare questa pagina regolarmente.<\/p><p><strong>SE NON SI APPROVANO LE NORME CONTENUTE IN QUESTE PAGINE, SI PREGA DI NON UTILIZZARE IL SITO WEB E DI USCIRE IMMEDIATAMENTE.<\/strong><\/p>\t\t\t\t\t<\/div>\n\t\t\t\t\t\t<\/div>\n\t\t\t\t<\/div>\n\t\t\t\t\t\t<\/div>\n\t\t\t\t\t<\/div>\n\t\t<\/div>\n\t\t\t\t\t\t\t\t<\/div>\n\t\t\t\t\t<\/div>\n\t\t<\/section>\n\t\t\t\t\t\t<\/div>\n\t\t\t\t\t\t<\/div>\n\t\t\t\t\t<\/div>\n\t\t","protected":false},"excerpt":{"rendered":"<p>CONDIZIONI LEGALI RIGUARDANTI IL SITO WEB Il presente documento contiene le condizioni legali per l&#8217;accesso a e l&#8217;uso del sito web habitatimmobiliare.net dell&#8217;Agenzia Habitat Immobiliare di Marina Materazzo. Accedendo al Sito Web, o utilizzandolo o utilizzando i materiali in esso contenuti ci si impegna a rispettare le seguenti condizioni generali. 1. Propriet\u00e0 del Sito WebQuesto [&hellip;]<\/p>\n","protected":false},"author":1,"featured_media":0,"parent":0,"menu_order":0,"comment_status":"closed","ping_status":"open","template":"","meta":[],"yoast_head":"<!-- This site is optimized with the Yoast SEO plugin v16.7 - https:\/\/yoast.com\/wordpress\/plugins\/seo\/ -->\n<title>Termini e condizioni d&#039;uso - Habitat Immobiliare<\/title>\n<meta name=\"robots\" content=\"index, follow, max-snippet:-1, max-image-preview:large, max-video-preview:-1\" \/>\n<link rel=\"canonical\" href=\"https:\/\/www.habitatimmobiliare.net\/it\/termini-e-condizioni-duso\/\" \/>\n<meta property=\"og:locale\" content=\"it_IT\" \/>\n<meta property=\"og:type\" content=\"article\" \/>\n<meta property=\"og:title\" content=\"Termini e condizioni d&#039;uso - Habitat Immobiliare\" \/>\n<meta property=\"og:description\" content=\"CONDIZIONI LEGALI RIGUARDANTI IL SITO WEB Il presente documento contiene le condizioni legali per l&#8217;accesso a e l&#8217;uso del sito web habitatimmobiliare.net dell&#8217;Agenzia Habitat Immobiliare di Marina Materazzo. Accedendo al Sito Web, o utilizzandolo o utilizzando i materiali in esso contenuti ci si impegna a rispettare le seguenti condizioni generali. 1. Propriet\u00e0 del Sito WebQuesto [&hellip;]\" \/>\n<meta property=\"og:url\" content=\"https:\/\/www.habitatimmobiliare.net\/it\/termini-e-condizioni-duso\/\" \/>\n<meta property=\"og:site_name\" content=\"Habitat Immobiliare\" \/>\n<meta property=\"article:modified_time\" content=\"2021-03-18T12:11:35+00:00\" \/>\n<meta name=\"twitter:card\" content=\"summary_large_image\" \/>\n<meta name=\"twitter:label1\" content=\"Tempo di lettura stimato\" \/>\n\t<meta name=\"twitter:data1\" content=\"5 minuti\" \/>\n<script type=\"application\/ld+json\" class=\"yoast-schema-graph\">{\"@context\":\"https:\/\/schema.org\",\"@graph\":[{\"@type\":\"WebSite\",\"@id\":\"https:\/\/www.habitatimmobiliare.net\/it\/#website\",\"url\":\"https:\/\/www.habitatimmobiliare.net\/it\/\",\"name\":\"Habitat Immobiliare\",\"description\":\"Il tuo concetto di Abitare lo realizzi da Habitat Immobiliare\",\"potentialAction\":[{\"@type\":\"SearchAction\",\"target\":{\"@type\":\"EntryPoint\",\"urlTemplate\":\"https:\/\/www.habitatimmobiliare.net\/it\/?s={search_term_string}\"},\"query-input\":\"required name=search_term_string\"}],\"inLanguage\":\"it-IT\"},{\"@type\":\"WebPage\",\"@id\":\"https:\/\/www.habitatimmobiliare.net\/it\/termini-e-condizioni-duso\/#webpage\",\"url\":\"https:\/\/www.habitatimmobiliare.net\/it\/termini-e-condizioni-duso\/\",\"name\":\"Termini e condizioni d'uso - Habitat Immobiliare\",\"isPartOf\":{\"@id\":\"https:\/\/www.habitatimmobiliare.net\/it\/#website\"},\"datePublished\":\"2021-03-18T12:10:46+00:00\",\"dateModified\":\"2021-03-18T12:11:35+00:00\",\"breadcrumb\":{\"@id\":\"https:\/\/www.habitatimmobiliare.net\/it\/termini-e-condizioni-duso\/#breadcrumb\"},\"inLanguage\":\"it-IT\",\"potentialAction\":[{\"@type\":\"ReadAction\",\"target\":[\"https:\/\/www.habitatimmobiliare.net\/it\/termini-e-condizioni-duso\/\"]}]},{\"@type\":\"BreadcrumbList\",\"@id\":\"https:\/\/www.habitatimmobiliare.net\/it\/termini-e-condizioni-duso\/#breadcrumb\",\"itemListElement\":[{\"@type\":\"ListItem\",\"position\":1,\"name\":\"Home\",\"item\":\"http:\/\/www.habitatimmobiliare.net\/it\/\"},{\"@type\":\"ListItem\",\"position\":2,\"name\":\"Termini e condizioni d&#8217;uso\"}]}]}<\/script>\n<!-- \/ Yoast SEO plugin. -->","yoast_head_json":{"title":"Termini e condizioni d'uso - Habitat Immobiliare","robots":{"index":"index","follow":"follow","max-snippet":"max-snippet:-1","max-image-preview":"max-image-preview:large","max-video-preview":"max-video-preview:-1"},"canonical":"https:\/\/www.habitatimmobiliare.net\/it\/termini-e-condizioni-duso\/","og_locale":"it_IT","og_type":"article","og_title":"Termini e condizioni d'uso - Habitat Immobiliare","og_description":"CONDIZIONI LEGALI RIGUARDANTI IL SITO WEB Il presente documento contiene le condizioni legali per l&#8217;accesso a e l&#8217;uso del sito web habitatimmobiliare.net dell&#8217;Agenzia Habitat Immobiliare di Marina Materazzo. Accedendo al Sito Web, o utilizzandolo o utilizzando i materiali in esso contenuti ci si impegna a rispettare le seguenti condizioni generali. 1. Propriet\u00e0 del Sito WebQuesto [&hellip;]","og_url":"https:\/\/www.habitatimmobiliare.net\/it\/termini-e-condizioni-duso\/","og_site_name":"Habitat Immobiliare","article_modified_time":"2021-03-18T12:11:35+00:00","twitter_card":"summary_large_image","twitter_misc":{"Tempo di lettura stimato":"5 minuti"},"schema":{"@context":"https:\/\/schema.org","@graph":[{"@type":"WebSite","@id":"https:\/\/www.habitatimmobiliare.net\/it\/#website","url":"https:\/\/www.habitatimmobiliare.net\/it\/","name":"Habitat Immobiliare","description":"Il tuo concetto di Abitare lo realizzi da Habitat Immobiliare","potentialAction":[{"@type":"SearchAction","target":{"@type":"EntryPoint","urlTemplate":"https:\/\/www.habitatimmobiliare.net\/it\/?s={search_term_string}"},"query-input":"required name=search_term_string"}],"inLanguage":"it-IT"},{"@type":"WebPage","@id":"https:\/\/www.habitatimmobiliare.net\/it\/termini-e-condizioni-duso\/#webpage","url":"https:\/\/www.habitatimmobiliare.net\/it\/termini-e-condizioni-duso\/","name":"Termini e condizioni d'uso - Habitat Immobiliare","isPartOf":{"@id":"https:\/\/www.habitatimmobiliare.net\/it\/#website"},"datePublished":"2021-03-18T12:10:46+00:00","dateModified":"2021-03-18T12:11:35+00:00","breadcrumb":{"@id":"https:\/\/www.habitatimmobiliare.net\/it\/termini-e-condizioni-duso\/#breadcrumb"},"inLanguage":"it-IT","potentialAction":[{"@type":"ReadAction","target":["https:\/\/www.habitatimmobiliare.net\/it\/termini-e-condizioni-duso\/"]}]},{"@type":"BreadcrumbList","@id":"https:\/\/www.habitatimmobiliare.net\/it\/termini-e-condizioni-duso\/#breadcrumb","itemListElement":[{"@type":"ListItem","position":1,"name":"Home","item":"http:\/\/www.habitatimmobiliare.net\/it\/"},{"@type":"ListItem","position":2,"name":"Termini e condizioni d&#8217;uso"}]}]}},"_links":{"self":[{"href":"https:\/\/www.habitatimmobiliare.net\/it\/wp-json\/wp\/v2\/pages\/4292"}],"collection":[{"href":"https:\/\/www.habitatimmobiliare.net\/it\/wp-json\/wp\/v2\/pages"}],"about":[{"href":"https:\/\/www.habitatimmobiliare.net\/it\/wp-json\/wp\/v2\/types\/page"}],"author":[{"embeddable":true,"href":"https:\/\/www.habitatimmobiliare.net\/it\/wp-json\/wp\/v2\/users\/1"}],"replies":[{"embeddable":true,"href":"https:\/\/www.habitatimmobiliare.net\/it\/wp-json\/wp\/v2\/comments?post=4292"}],"version-history":[{"count":4,"href":"https:\/\/www.habitatimmobiliare.net\/it\/wp-json\/wp\/v2\/pages\/4292\/revisions"}],"predecessor-version":[{"id":4296,"href":"https:\/\/www.habitatimmobiliare.net\/it\/wp-json\/wp\/v2\/pages\/4292\/revisions\/4296"}],"wp:attachment":[{"href":"https:\/\/www.habitatimmobiliare.net\/it\/wp-json\/wp\/v2\/media?parent=4292"}],"curies":[{"name":"wp","href":"https:\/\/api.w.org\/{rel}","templated":true}]}}