{"id":3,"date":"2020-11-05T19:35:51","date_gmt":"2020-11-05T18:35:51","guid":{"rendered":"http:\/\/www.habitatimmobiliare.net\/?page_id=3"},"modified":"2021-03-18T12:34:35","modified_gmt":"2021-03-18T11:34:35","slug":"privacy-policy-2","status":"publish","type":"page","link":"https:\/\/www.habitatimmobiliare.net\/it\/privacy-policy-2\/","title":{"rendered":"Privacy Policy"},"content":{"rendered":"\t\t<div data-elementor-type=\"wp-page\" data-elementor-id=\"3\" class=\"elementor elementor-3\" data-elementor-settings=\"[]\">\n\t\t\t\t\t\t<div class=\"elementor-inner\">\n\t\t\t\t\t\t\t<div class=\"elementor-section-wrap\">\n\t\t\t\t\t\t\t<section class=\"elementor-section elementor-top-section elementor-element elementor-element-310edab2 elementor-section-boxed elementor-section-height-default elementor-section-height-default\" data-id=\"310edab2\" data-element_type=\"section\">\n\t\t\t\t\t\t<div class=\"elementor-container elementor-column-gap-default\">\n\t\t\t\t\t\t\t<div class=\"elementor-row\">\n\t\t\t\t\t<div class=\"elementor-column elementor-col-100 elementor-top-column elementor-element elementor-element-6da12d37\" data-id=\"6da12d37\" data-element_type=\"column\">\n\t\t\t<div class=\"elementor-column-wrap elementor-element-populated\">\n\t\t\t\t\t\t\t<div class=\"elementor-widget-wrap\">\n\t\t\t\t\t\t<div class=\"elementor-element elementor-element-7c552e24 elementor-widget elementor-widget-text-editor\" data-id=\"7c552e24\" data-element_type=\"widget\" data-widget_type=\"text-editor.default\">\n\t\t\t\t<div class=\"elementor-widget-container\">\n\t\t\t\t\t\t\t\t<div class=\"elementor-text-editor elementor-clearfix\">\n\t\t\t\t<p><b>Informativa ex art. 13 REGOLAMENTO (UE) 2016\/679 &#8211; GDPR per il trattamento di dati personali<\/b><\/p>\n<p>La sottoscritta Marina Materazzo, titolare dell\u2019impresa di mediazione immobiliare HABITAT IMMOBILIARE di Materazzo Marina con sede in Piazza Matteotti snc 64018 Tortoreto (TE) C.F. MTRMRN69R42H769O \u2013 P.IVA 01782090672, tel. 333 693 7000, indirizzo di posta elettronica:\u00a0<a href=\"mailto:info@habitatimmobiliare.net\">info@habitatimmobiliare.net<\/a>, indirizzo pec:\u00a0<a href=\"mailto:habitat-immobiliare@pec.it\">habitat-immobiliare@pec.it<\/a>\u00a0(in prosieguo \u201cAgenzia\u201d), dalla stessa rappresentata e nella qualit\u00e0 di \u201c<strong>Titolare del trattamento<\/strong>\u201d (in prosieguo \u201cTitolare\u201d) dei Suoi dati personali (di seguito, cumulativamente, anche \u201cDati\u201d), di cui Lei \u00e8 l\u2019\u201c<strong>Interessato\/a<\/strong>\u201d, a norma del Regolamento UE 2016\/679 (in prosieguo \u201cRegolamento\u201d), e dei quali l\u2019Agenzia pu\u00f2 entrare in possesso mediante il proprio sito internet www.habitatimmobiliare.net, altri siti internet o applicazioni\/banche dati.<\/p>\n<p>Le forniamo le seguenti informazioni affinch\u00e9 Lei possa prestare un consenso specifico, inequivocabile, informato, libero e consapevole al Trattamento dei Dati che potr\u00e0 avvenire anche con strumenti informatici e\/o telematici.<\/p>\n<ol>\n<li><b>Fonte dei Dati.<\/b><\/li>\n<\/ol>\n<p>I dati necessari per lo svolgimento del rapporto contrattuale tra le Parti, nonch\u00e9 i dati altrimenti acquisiti nell\u2019ambito di tale attivit\u00e0, sono raccolti dall\u2019Agenzia direttamente dall\u2019Interessato e\/o per il tramite di soggetti terzi, nonch\u00e9 ottenuti consultando alcune banche dati esterne pubbliche e private.<\/p>\n<ol start=\"2\">\n<li><b>Disponibilit\u00e0 dell\u2019Informativa.<\/b><\/li>\n<\/ol>\n<p>L\u2019Agenzia fornisce la possibilit\u00e0 di consultare questa informativa: a) ogni volta che raccoglie i dati personali dei Clienti; b) ogni volta ne viene fatta espressa richiesta al Titolare; c) attraverso la consultazione web accedendo alla home page del sito\u00a0<a href=\"http:\/\/www.habitatimmobiliare.net\/\">www.habitatimmobiliare.net.<\/a><\/p>\n<ol start=\"3\">\n<li><b>Finalit\u00e0 del trattamento dei Dati.<\/b><\/li>\n<\/ol>\n<p>L\u2019Agenzia per le proprie finalit\u00e0 istituzionali, connesse o strumentali all\u2019attivit\u00e0, tratta i Suoi dati per i seguenti scopi:<\/p>\n<ol>\n<li>\n<p align=\"LEFT\">finalit\u00e0 connesse agli obblighi previsti da leggi, da regolamenti e dalla normativa comunitaria nonch\u00e9 da disposizioni impartite da Autorit\u00e0 a ci\u00f2 legittimate dalla legge o da organi di vigilanza e\/o controllo;<\/p>\n<\/li>\n<li>\n<p align=\"LEFT\">finalit\u00e0 contrattuali, connesse e strumentali alla instaurazione e gestione dei rapporti con la clientela, quali ad esempio l\u2019acquisizione di informazioni preliminari alla eventuale conclusione di un contratto;<\/p>\n<\/li>\n<li>\n<p align=\"JUSTIFY\">rilevazione del grado di soddisfazione sulla qualit\u00e0 dei servizi, eseguita direttamente dall\u2019Agenzia ovvero attraverso l\u2019opera di societ\u00e0 specializzate mediante interviste personali o telefoniche, questionari interattivi, indagini di mercato;d) promozione di prodotti e servizi dell\u2019Agenzia effettuata attraverso l\u2019invio di materiale pubblicitario, contratti telefonici ed ogni altra forma di comunicazione elettronica (invio di e-mail, sms, mms, pubblicazione su social network);<\/p>\n<\/li>\n<li>\n<p align=\"JUSTIFY\">comunicazione e\/o cessione dei dati a terzi per la promozione e\/o la vendita di prodotti e servizi, con modalit\u00e0 tradizionali e\/o automatizzate.Con riferimento alle finalit\u00e0 di cui ai punti c), d), e), La informiamo che, in ogni momento, lei sar\u00e0 libero di revocare il consenso espresso secondo le modalit\u00e0 specificate nella presente informativa.<\/p>\n<\/li>\n<\/ol>\n<ol start=\"4\">\n<li><b>Natura del conferimento dei Dati.<\/b><\/li>\n<\/ol>\n<p>Lei ha diritto di sapere che il conferimento dei dati pu\u00f2 avere natura obbligatoria o facoltativa, nonch\u00e9 comportare conseguenze in caso di un eventuale rifiuto.A tale riguardo Le preciso che:<\/p>\n<p>a) il conferimento del Suo consenso per le finalit\u00e0 di cui alle lettere a) e b) del punto 3 ha natura obbligatoria in quanto previsto dalla legge o per dar seguito ad obbligazioni di tipo contrattuale (come indicato dall\u2019art. 6, comma 1, lettera b e c) del Regolamento). Il diniego del Suo consenso per le finalit\u00e0 indicate alla lettera b) del punto 3) non permetter\u00e0, pertanto, all\u2019Agenzia di eseguire l\u2019incarico da Lei conferitole o di giungere alla conclusione del contratto di cui Lei \u00e8 parte;<\/p>\n<p>b) il diniego al trattamento dei Dati per le finalit\u00e0 di cui alle lettere c), d), e) del punto 3 \u00e8, invece, di tipo facoltativo, non Le comporter\u00e0 alcuna conseguenza pregiudizievole e potr\u00e0 da Lei essere revocato in qualsiasi momento, limitatamente alle finalit\u00e0 connesse all\u2019invio di materiale pubblicitario, rilevazione del grado di soddisfazione sulla qualit\u00e0 dei servizi, compimento di ricerche di mercato o di comunicazione commerciale, mediante contatti telefonici o con ogni altra forma di comunicazione elettronica (invio di e-mail,<\/p>\n<p>sms, mms, whatsapp, pubblicazione su siti web, social network, ecc.), eseguiti direttamente dall\u2019Agenzia ovvero attraverso l\u2019opera di societ\u00e0 specializzate mediante interviste personali o telefoniche, questionari interattivi.<\/p>\n<ol start=\"5\">\n<li><b>Dati particolari.<\/b><\/li>\n<\/ol>\n<p>L\u2019art. 9 del Regolamento definisce particolari quei dati idonei a rivelare l\u2019origine razziale ed etnica, le opinioni politiche, le convinzioni religiose o filosofiche o di l\u2019appartenenza a sindacati, nonch\u00e9 i dati genetici e biometrici, dati relativi alla salute o alla vita sessuale o all\u2019orientamento sessuale della persona. \u00c8 possibile che l\u2019Agenzia venga in possesso di dati particolari in relazione alle specifiche operazioni richieste dall\u2019Interessato. In tale eventualit\u00e0, l\u2019Interessato ha facolt\u00e0 di esprimere uno specifico consenso al trattamento dei propri dati sensibili e l\u2019Agenzia potr\u00e0 utilizzarli esclusivamente nella misura indispensabile per poter eseguire i servizi e le operazioni richieste.<\/p>\n<ol start=\"6\">\n<li><b>Conservazione dei Dati.<\/b><\/li>\n<\/ol>\n<p>I Dati saranno conservati per il tempo necessario a gestire il rapporto contrattuale ed adempiere ad obblighi di legge, con particolare riferimento anche alla normativa in materia di Antiriciclaggio. I Dati sono trattati sempre nel pieno rispetto del principio di proporzionalit\u00e0 del trattamento (art. 5, comma 1, lett. c) del Regolamento), in base al quale tutti i Dati personali e le varie modalit\u00e0 del loro trattamento devono essere pertinenti e non eccedenti rispetto alle finalit\u00e0 perseguite, in modo da garantirne un\u2019adeguata sicurezza e riservatezza, anche per impedire l\u2019accesso o l\u2019utilizzo non autorizzato dei dati personali e delle attrezzature impiegate per il trattamento, nonch\u00e9 un trattamento lecito e corretto.<\/p>\n<ol start=\"7\">\n<li><b>Tempi di conservazione dei Dati.<\/b><\/li>\n<\/ol>\n<p>In virt\u00f9 di quanto disposto dall\u2019art. 13, comma 2, lett. a) del Regolamento, di seguito sono fornite indicazioni circa i tempi di conservazione dei Dati in base alle diverse finalit\u00e0 del trattamento:<\/p>\n<ul>\n<li>\n<p align=\"LEFT\">con riferimento alle lettere a) e b) del punto 3 i Dati sono conservati per il periodo necessario a gestire il contratto ed adempiere agli obblighi di legge;<\/p>\n<\/li>\n<li>\n<p align=\"LEFT\">con riferimento alle lettere c), d), e), del punto 3, i tempi di conservazione sono fissati in 10 anni.<\/p>\n<\/li>\n<\/ul>\n<ol start=\"8\">\n<li><b>Modalit\u00e0 del trattamento dei Dati.<\/b><\/li>\n<\/ol>\n<p>In relazione alle finalit\u00e0 indicate al punto 3, i Dati personali potranno essere trattati anche da un \u201c<strong>Responsabile<\/strong>\u201d, ossia la persona fisica o la societ\u00e0, anche esterne all\u2019Agenzia, cui potranno essere affidati specifici e definiti compiti di gestione e controllo del trattamento dei dati, e da uno o pi\u00f9 \u201c<strong>Incaricato\/i<\/strong>\u201d, che provvederanno all\u2019elaborazione o utilizzazione materiale dei Dati sulla base delle istruzioni ricevute dal Titolare o dal Responsabile (soggetti che, qualora non espressamente indicati nella presente informativa, sono da considerarsi non ancora designati, e non necessariamente da designare se il trattamento \u00e8 occasionale, e i cui dati Le saranno forniti in caso di loro designazione).<\/p>\n<p>Sempre in relazione alle finalit\u00e0 sopra indicate, i Dati potranno essere trattati attraverso strumenti manuali, informatici e\/o altrimenti automatizzati secondo logiche strettamente connesse alle finalit\u00e0 del trattamento e, comunque, in modo da garantirne la sicurezza e riservatezza anche nel caso di trattamento attraverso strumenti di comunicazione a distanza.<\/p>\n<ol start=\"9\">\n<li><b>Trasferimento dei Dati all\u2019estero.<\/b><\/li>\n<\/ol>\n<p>I Dati potrebbero essere trasferiti verso Paesi dell\u2019Unione Europea e verso Paesi terzi (ossia non aderenti all\u2019Unione europea) esclusivamente nell\u2019ambito delle finalit\u00e0 di cui alle lettere a) e b) del punto 3. In tal caso, l\u2019intenzione di trasferire i dati personali dovr\u00e0 preventivamente esserle comunicata e da Lei autorizzata solo qualora sia garantito un livello di protezione dei dati adeguato a quello europeo.<\/p>\n<ol start=\"10\">\n<li><b>Comunicazione dei Dati.<\/b><\/li>\n<\/ol>\n<p>I Dati, in ragione del rapporto instauratosi e al fine di agevolare e consentire la conclusione dell\u2019affare, potranno essere comunicati a: i) collaboratori esterni; ii) altri agenti d\u2019affari in mediazione (anche societ\u00e0) individuati dal Titolare al fine di collaborare per l\u2019espletamento dell\u2019incarico affidato dall\u2019Interessato; iii) banche e altri soggetti operanti nel settore bancario; iv) controparti e loro eventuali tecnici e consulenti; v) notai al fine della predisposizione di atti notarili e\/o attivit\u00e0 connesse attinenti all\u2019incarico conferito al Titolare; vi) societ\u00e0 e\/o professionisti che svolgono servizi per l\u2019espletamento di pratiche tecniche\/catastali\/ edilizie\/urbanistiche; vii) assicurazioni al fine della stipula di polizze attinenti l\u2019incarico conferito al Titolare; viii) siti web ai fini delle pubblicit\u00e0 immobiliare; ix) collegi di arbitri e, in genere, tutti quei soggetti pubblici e privati cui la comunicazione sia necessaria per il corretto adempimento delle finalit\u00e0 indicate al punto 3); x) Organi di Vigilanza\/Controllo e altre Autorit\u00e0, per finalit\u00e0 connesse agli obblighi previsti da legge (legge anti- usura, normativa antiriciclaggio) e\/o da regolamenti, nonch\u00e9 da disposizioni impartite dalle medesime Autorit\u00e0.<\/p>\n<p>Tutti i soggetti, appartenenti alle categorie ai quali i Dati potranno essere comunicati, utilizzeranno i Dati in qualit\u00e0 di \u201ctitolari\u201d ai sensi della legge o di specifico consenso, in piena autonomia, essendo estranei all\u2019originario trattamento effettuato presso l\u2019Agenzia, ovvero di \u201cresponsabili esterni\u201d. Per conoscere in qualsiasi momento i soggetti, cui i Suoi dati verranno comunicati, \u00e8 sufficiente che Lei richieda l\u2019elenco aggiornato scrivendo al Titolare del trattamento dei dati presso la sede dell\u2019Agenzia.<\/p>\n<p>Infine, i Suoi Dati saranno conosciuti da tutti i dipendenti e collaboratori dell\u2019Agenzia, designati responsabili e\/o incaricati del trattamento, in relazione allo svolgimento delle mansioni e dei compiti a ciascuno attribuiti. I Dati trattati dall\u2019Agenzia non saranno oggetto di diffusione.<\/p>\n<ol start=\"11\">\n<li><b>Diritti dell\u2019interessato.<\/b><\/li>\n<\/ol>\n<p>Nei limiti e alle condizioni previste dagli artt. 15 \u2013 23 del Regolamento, l\u2019Agenzia Le garantisce e Le riconosce l\u2019esercizio dei seguenti diritti:<\/p>\n<ol>\n<li style=\"list-style-type: none;\">\n<ul>\n<li>\n<p align=\"JUSTIFY\">il diritto di accedere ai dati personali presenti in propri archivi cartacei e\/o elettronici;<\/p>\n<\/li>\n<li>\n<p align=\"JUSTIFY\">il diritto di chiederne la rettifica, l&#8217;aggiornamento e la cancellazione, se incompleti o erronei, nonch\u00e9 di opporsi al loro trattamento per motivi legittimi e specifici;<\/p>\n<\/li>\n<li>\n<p align=\"JUSTIFY\">il diritto di ottenere la rettifica dei dati personali inesatti senza ingiustificato ritardo. Tenuto conto delle finalit\u00e0 del trattamento, l&#8217;interessato ha il diritto di ottenere l&#8217;integrazione dei dati personali incompleti, anche fornendo una dichiarazione integrativa;<\/p>\n<\/li>\n<li>\n<p align=\"JUSTIFY\">il diritto di ottenere la cancellazione dei dati personali che lo riguardano senza ingiustificato ritardo se sussiste uno dei motivi di cui all\u2019art. 17, comma 1 del Regolamento;<\/p>\n<\/li>\n<li>\n<p align=\"JUSTIFY\">il diritto di ottenere la limitazione del trattamento quando ricorre una delle ipotesi di cui all\u2019art. 18, comma 1 del Regolamento;<\/p>\n<\/li>\n<li>\n<p align=\"JUSTIFY\">il diritto alla portabilit\u00e0 del dato nei limiti e nei modi previsti dall\u2019art. 20 del Regolamento.<\/p>\n<\/li>\n<\/ul>\n<\/li>\n<\/ol>\n<p>Lei ha, inoltre, in qualsiasi momento, il diritto di revocare il consenso al trattamento dei suoi dati senza pregiudicare in alcun modo la liceit\u00e0 del trattamento basata sul consenso prestato prima della revoca, nonch\u00e9 di opporsi in qualsiasi momento al trattamento per finalit\u00e0 di marketing (diritto di opposizione).<\/p>\n<p>Lei ha diritto di ricevere le informazioni relative all\u2019azione intrapresa riguardo a una delle suddette richieste o agli effetti nascenti dall\u2019esercizio di uno dei suddetti diritti, senza ingiustificato ritardo e, comunque, al pi\u00f9 tardi entro un mese dal ricevimento della richiesta stessa, prorogabile, se necessario, di due mesi; ha, altres\u00ec,\u00a0<strong>diritto di\u00a0<\/strong>proporre reclamo a un\u2019autorit\u00e0 di controllo e di proporre ricorso giurisdizionale.<\/p>\n<p>Fatto salvo il caso in cui il trattamento dei Dati violi i principi generali dettati dal Regolamento, l\u2019esercizio di tali diritti dovr\u00e0 essere pertinente e motivato e non potr\u00e0 implicare la revoca del consenso prestato o la richiesta di cancellazione dei Dati da Lei forniti per la conclusione e l\u2019esecuzione del contratto di cui al punto 3) lettere a) e b), nella misura in cui e fintantoch\u00e9 i Dati siano necessari a tale finalit\u00e0.<\/p>\n<p>I diritti in oggetto potranno essere esercitati, anche per il tramite di un incaricato, mediante richiesta rivolta al Titolare o al Responsabile del trattamento dei Dati ai seguenti indirizzi: Piazza Matteotti snc 64018 Tortoreto (TE), tel. 333 693 7000, indirizzo di posta elettronica:\u00a0<a href=\"mailto:info@habitatimmobiliare.net\">info@habitatimmobiliare.net<\/a>, indirizzo pec:<u>\u00a0<a href=\"mailto:habitat-immobiliare@pec.it\">habitat-immobiliare@pec.it<\/a><\/u>.<\/p>\n<p>Nell\u2019esercizio dei diritti, Lei potr\u00e0 conferire, per iscritto, delega o procura a persone fisiche, enti associazioni od organismi; potr\u00e0, altres\u00ec, farsi assistere da una persona di fiducia. L\u2019Agenzia, per garantire l\u2019effettivo esercizio dei Suoi diritti, adotter\u00e0 le misure idonee volte ad agevolare l\u2019accesso ai Dati, a semplificare le modalit\u00e0 e a ridurre i tempi per dare relativo riscontro alla Sua richiesta.<\/p>\n<p>Infine, si segnala che Lei potr\u00e0 proporre reclamo all\u2019autorit\u00e0 di controllo ossia al Garante per la Protezione dei Dati Personali attraverso i seguenti mezzi:<\/p>\n<p>a) raccomandata A\/R indirizzata a Garante per la protezione dei dati personali, Piazza di Monte Citorio n. 121 00186 Roma;<\/p>\n<p>b) e-mail all\u2019indirizzo:\u00a0<a href=\"mailto:garante@gpdp.it\">garante@gpdp.it<\/a>, oppure\u00a0<a href=\"mailto:protocollo@pec.gpdp.it\">protocollo@pec.gpdp.it<\/a>;c) fax al numero: 06\/69677.3785. Tutte le relative informazioni sui reclami proponibili dall\u2019Interessato sono disponibili sul sito web del Garante all\u2019indirizzo www.garanteprivacy.it<\/p>\n<ol start=\"12\">\n<li><b>Responsabile e Incaricati del trattamento dei Dati.<\/b><\/li>\n<\/ol>\n<p>Responsabile del Trattamento, ai sensi dell\u2019art. 24 del Regolamento \u00e8 Marina Materazzo.<\/p>\t\t\t\t\t<\/div>\n\t\t\t\t\t\t<\/div>\n\t\t\t\t<\/div>\n\t\t\t\t\t\t<\/div>\n\t\t\t\t\t<\/div>\n\t\t<\/div>\n\t\t\t\t\t\t\t\t<\/div>\n\t\t\t\t\t<\/div>\n\t\t<\/section>\n\t\t\t\t\t\t<\/div>\n\t\t\t\t\t\t<\/div>\n\t\t\t\t\t<\/div>\n\t\t","protected":false},"excerpt":{"rendered":"<p>Informativa ex art. 13 REGOLAMENTO (UE) 2016\/679 &#8211; GDPR per il trattamento di dati personali La sottoscritta Marina Materazzo, titolare dell\u2019impresa di mediazione immobiliare HABITAT IMMOBILIARE di Materazzo Marina con sede in Piazza Matteotti snc 64018 Tortoreto (TE) C.F. MTRMRN69R42H769O \u2013 P.IVA 01782090672, tel. 333 693 7000, indirizzo di posta elettronica:\u00a0info@habitatimmobiliare.net, indirizzo pec:\u00a0habitat-immobiliare@pec.it\u00a0(in prosieguo \u201cAgenzia\u201d), [&hellip;]<\/p>\n","protected":false},"author":1,"featured_media":0,"parent":0,"menu_order":0,"comment_status":"closed","ping_status":"open","template":"","meta":[],"yoast_head":"<!-- This site is optimized with the Yoast SEO plugin v16.7 - https:\/\/yoast.com\/wordpress\/plugins\/seo\/ -->\n<title>Privacy Policy - Habitat Immobiliare<\/title>\n<meta name=\"robots\" content=\"index, follow, max-snippet:-1, max-image-preview:large, max-video-preview:-1\" \/>\n<link rel=\"canonical\" href=\"https:\/\/www.habitatimmobiliare.net\/it\/privacy-policy-2\/\" \/>\n<meta property=\"og:locale\" content=\"it_IT\" \/>\n<meta property=\"og:type\" content=\"article\" \/>\n<meta property=\"og:title\" content=\"Privacy Policy - Habitat Immobiliare\" \/>\n<meta property=\"og:description\" content=\"Informativa ex art. 13 REGOLAMENTO (UE) 2016\/679 &#8211; GDPR per il trattamento di dati personali La sottoscritta Marina Materazzo, titolare dell\u2019impresa di mediazione immobiliare HABITAT IMMOBILIARE di Materazzo Marina con sede in Piazza Matteotti snc 64018 Tortoreto (TE) C.F. MTRMRN69R42H769O \u2013 P.IVA 01782090672, tel. 333 693 7000, indirizzo di posta elettronica:\u00a0info@habitatimmobiliare.net, indirizzo pec:\u00a0habitat-immobiliare@pec.it\u00a0(in prosieguo \u201cAgenzia\u201d), [&hellip;]\" \/>\n<meta property=\"og:url\" content=\"https:\/\/www.habitatimmobiliare.net\/it\/privacy-policy-2\/\" \/>\n<meta property=\"og:site_name\" content=\"Habitat Immobiliare\" \/>\n<meta property=\"article:modified_time\" content=\"2021-03-18T11:34:35+00:00\" \/>\n<meta name=\"twitter:card\" content=\"summary_large_image\" \/>\n<meta name=\"twitter:label1\" content=\"Tempo di lettura stimato\" \/>\n\t<meta name=\"twitter:data1\" content=\"10 minuti\" \/>\n<script type=\"application\/ld+json\" class=\"yoast-schema-graph\">{\"@context\":\"https:\/\/schema.org\",\"@graph\":[{\"@type\":\"WebSite\",\"@id\":\"https:\/\/www.habitatimmobiliare.net\/it\/#website\",\"url\":\"https:\/\/www.habitatimmobiliare.net\/it\/\",\"name\":\"Habitat Immobiliare\",\"description\":\"Il tuo concetto di Abitare lo realizzi da Habitat Immobiliare\",\"potentialAction\":[{\"@type\":\"SearchAction\",\"target\":{\"@type\":\"EntryPoint\",\"urlTemplate\":\"https:\/\/www.habitatimmobiliare.net\/it\/?s={search_term_string}\"},\"query-input\":\"required name=search_term_string\"}],\"inLanguage\":\"it-IT\"},{\"@type\":\"WebPage\",\"@id\":\"https:\/\/www.habitatimmobiliare.net\/it\/privacy-policy-2\/#webpage\",\"url\":\"https:\/\/www.habitatimmobiliare.net\/it\/privacy-policy-2\/\",\"name\":\"Privacy Policy - Habitat Immobiliare\",\"isPartOf\":{\"@id\":\"https:\/\/www.habitatimmobiliare.net\/it\/#website\"},\"datePublished\":\"2020-11-05T18:35:51+00:00\",\"dateModified\":\"2021-03-18T11:34:35+00:00\",\"breadcrumb\":{\"@id\":\"https:\/\/www.habitatimmobiliare.net\/it\/privacy-policy-2\/#breadcrumb\"},\"inLanguage\":\"it-IT\",\"potentialAction\":[{\"@type\":\"ReadAction\",\"target\":[\"https:\/\/www.habitatimmobiliare.net\/it\/privacy-policy-2\/\"]}]},{\"@type\":\"BreadcrumbList\",\"@id\":\"https:\/\/www.habitatimmobiliare.net\/it\/privacy-policy-2\/#breadcrumb\",\"itemListElement\":[{\"@type\":\"ListItem\",\"position\":1,\"name\":\"Home\",\"item\":\"http:\/\/www.habitatimmobiliare.net\/it\/\"},{\"@type\":\"ListItem\",\"position\":2,\"name\":\"Privacy Policy\"}]}]}<\/script>\n<!-- \/ Yoast SEO plugin. -->","yoast_head_json":{"title":"Privacy Policy - Habitat Immobiliare","robots":{"index":"index","follow":"follow","max-snippet":"max-snippet:-1","max-image-preview":"max-image-preview:large","max-video-preview":"max-video-preview:-1"},"canonical":"https:\/\/www.habitatimmobiliare.net\/it\/privacy-policy-2\/","og_locale":"it_IT","og_type":"article","og_title":"Privacy Policy - Habitat Immobiliare","og_description":"Informativa ex art. 13 REGOLAMENTO (UE) 2016\/679 &#8211; GDPR per il trattamento di dati personali La sottoscritta Marina Materazzo, titolare dell\u2019impresa di mediazione immobiliare HABITAT IMMOBILIARE di Materazzo Marina con sede in Piazza Matteotti snc 64018 Tortoreto (TE) C.F. MTRMRN69R42H769O \u2013 P.IVA 01782090672, tel. 333 693 7000, indirizzo di posta elettronica:\u00a0info@habitatimmobiliare.net, indirizzo pec:\u00a0habitat-immobiliare@pec.it\u00a0(in prosieguo \u201cAgenzia\u201d), [&hellip;]","og_url":"https:\/\/www.habitatimmobiliare.net\/it\/privacy-policy-2\/","og_site_name":"Habitat Immobiliare","article_modified_time":"2021-03-18T11:34:35+00:00","twitter_card":"summary_large_image","twitter_misc":{"Tempo di lettura stimato":"10 minuti"},"schema":{"@context":"https:\/\/schema.org","@graph":[{"@type":"WebSite","@id":"https:\/\/www.habitatimmobiliare.net\/it\/#website","url":"https:\/\/www.habitatimmobiliare.net\/it\/","name":"Habitat Immobiliare","description":"Il tuo concetto di Abitare lo realizzi da Habitat Immobiliare","potentialAction":[{"@type":"SearchAction","target":{"@type":"EntryPoint","urlTemplate":"https:\/\/www.habitatimmobiliare.net\/it\/?s={search_term_string}"},"query-input":"required name=search_term_string"}],"inLanguage":"it-IT"},{"@type":"WebPage","@id":"https:\/\/www.habitatimmobiliare.net\/it\/privacy-policy-2\/#webpage","url":"https:\/\/www.habitatimmobiliare.net\/it\/privacy-policy-2\/","name":"Privacy Policy - Habitat Immobiliare","isPartOf":{"@id":"https:\/\/www.habitatimmobiliare.net\/it\/#website"},"datePublished":"2020-11-05T18:35:51+00:00","dateModified":"2021-03-18T11:34:35+00:00","breadcrumb":{"@id":"https:\/\/www.habitatimmobiliare.net\/it\/privacy-policy-2\/#breadcrumb"},"inLanguage":"it-IT","potentialAction":[{"@type":"ReadAction","target":["https:\/\/www.habitatimmobiliare.net\/it\/privacy-policy-2\/"]}]},{"@type":"BreadcrumbList","@id":"https:\/\/www.habitatimmobiliare.net\/it\/privacy-policy-2\/#breadcrumb","itemListElement":[{"@type":"ListItem","position":1,"name":"Home","item":"http:\/\/www.habitatimmobiliare.net\/it\/"},{"@type":"ListItem","position":2,"name":"Privacy Policy"}]}]}},"_links":{"self":[{"href":"https:\/\/www.habitatimmobiliare.net\/it\/wp-json\/wp\/v2\/pages\/3"}],"collection":[{"href":"https:\/\/www.habitatimmobiliare.net\/it\/wp-json\/wp\/v2\/pages"}],"about":[{"href":"https:\/\/www.habitatimmobiliare.net\/it\/wp-json\/wp\/v2\/types\/page"}],"author":[{"embeddable":true,"href":"https:\/\/www.habitatimmobiliare.net\/it\/wp-json\/wp\/v2\/users\/1"}],"replies":[{"embeddable":true,"href":"https:\/\/www.habitatimmobiliare.net\/it\/wp-json\/wp\/v2\/comments?post=3"}],"version-history":[{"count":3,"href":"https:\/\/www.habitatimmobiliare.net\/it\/wp-json\/wp\/v2\/pages\/3\/revisions"}],"predecessor-version":[{"id":4288,"href":"https:\/\/www.habitatimmobiliare.net\/it\/wp-json\/wp\/v2\/pages\/3\/revisions\/4288"}],"wp:attachment":[{"href":"https:\/\/www.habitatimmobiliare.net\/it\/wp-json\/wp\/v2\/media?parent=3"}],"curies":[{"name":"wp","href":"https:\/\/api.w.org\/{rel}","templated":true}]}}